{"id":444,"date":"2016-02-12T00:10:15","date_gmt":"2016-02-12T04:10:15","guid":{"rendered":"http:\/\/portraitsnow.ca\/?page_id=444"},"modified":"2026-04-22T13:02:39","modified_gmt":"2026-04-22T17:02:39","slug":"coordonnees","status":"publish","type":"page","link":"https:\/\/portraitsnow.ca\/fr\/coordonnees\/","title":{"rendered":"Coordonnees"},"content":{"rendered":"\r\n<div class=\"content-normal\" style=\"display: inline-block;\">\r\n<h2><strong>LIENS RAPIDES<\/strong><\/h2>\r\n<ul>\r\n<li><a href=\"http:\/\/portraitsnow.ca\/wp-content\/uploads\/2023\/08\/2023-CANCELLATION-and-LATE-APPOINTMENT-POLICY.pdf\">POLITIQUE D&rsquo;ANNULATION\/DE RETARD<\/a><\/li>\r\n<li><a href=\"http:\/\/portraitsnow.ca\/wp-content\/uploads\/2026\/04\/Appointment-FAQs-FRENCH-2026.pdf\">FAQ SUR LES RENDEZ-VOUS<\/a><\/li>\r\n<li><a href=\"http:\/\/portraitsnow.ca\/wp-content\/uploads\/2023\/09\/What-to-wear-Sept-2023.pdf\">QUOI PORTER<\/a><\/li>\r\n<li><a href=\"http:\/\/portraitsnow.ca\/wp-content\/uploads\/2025\/10\/2025-ANIMAL-POLICY-1.pdf\">POLITIQUE EN MATI\u00c8RE D&rsquo;ANIMAUX<\/a><\/li>\r\n<li><a href=\"http:\/\/portraitsnow.ca\/wp-content\/uploads\/2025\/10\/Ordering-FAQs-FRENCH-2025.pdf\">FAQ SUR LES COMMANDES<\/a><\/li>\r\n<li><a href=\"http:\/\/portraitsnow.ca\/wp-content\/uploads\/2026\/03\/PN-Price-List-2024-FRENCH-new.pdf\">LISTE DES PRIX<\/a><\/li>\r\n<\/ul>\r\n<h2><strong><span style=\"font-size: 1.28571rem;\">Universit\u00e9 Carleton<\/span><\/strong><\/h2>\r\n<\/div>\r\n<dl>\r\n<dt>Heures:<\/dt>\r\n<dd>\r\n<div>Du mardi au vendredi, de 9 h \u00e0 17 h<br \/><strong>**Nous serons temporairement ferm\u00e9s du 25 avril au 5 mai 2026 en raison de travaux d&rsquo;entretien dans le b\u00e2timent Nideyin\u00e0n. Pendant cette p\u00e9riode, nous ne serons pas joignables par t\u00e9l\u00e9phone, mais nous continuerons \u00e0 r\u00e9pondre aux e-mails (veuillez compter 24 heures pour recevoir une r\u00e9ponse pendant cette p\u00e9riode).<\/strong><\/div>\r\n<div>**Ferm\u00e9 tous les jours f\u00e9ri\u00e9s<\/div>\r\n<\/dd>\r\n<\/dl>\r\n<dl>\r\n<dd>\r\n<div>\r\n<p><span style=\"font-size: 1rem; font-weight: bold;\">Courriel:<\/span><\/p>\r\n<\/div>\r\n<\/dd>\r\n<dd><a href=\"mailto:carleton@portraitsnow.ca\">carleton@portraitsnow.ca<\/a><\/dd>\r\n<dt>T\u00e9l.:<\/dt>\r\n<dd>613-526-8899\u00a0<\/dd>\r\n<dd>chambre 131C, 1er \u00e9tage Nideyin\u00e0n (anciennement University Centre)<\/dd>\r\n<dd><a href=\"http:\/\/portraitsnow.ca\/wp-content\/uploads\/2024\/03\/Carleton-Portraits-Now-directions.pdf\">Voir la carte<\/a><\/dd>\r\n<\/dl>\r\n<h2>Universit\u00e9 d\u2019Ottawa<\/h2>\r\n<dl>\r\n<dt>Heures:<\/dt>\r\n<dd>M-F 9:00am-5:00pm\u00a0<\/dd>\r\n<dd>**Ferm\u00e9 tous les jours f\u00e9ri\u00e9s<\/dd>\r\n<dt>Courriel:<\/dt>\r\n<dd><a href=\"mailto:uottawa@portraitsnow.ca\">uottawa@portraitsnow.ca<\/a><\/dd>\r\n<dt>T\u00e9l.:<\/dt>\r\n<dd>613-232-1165\u00a0<\/dd>\r\n<dd>1er \u00e9tage, Centre universitaire Jock Turcot<\/dd>\r\n<dd><a href=\"http:\/\/portraitsnow.ca\/wp-content\/uploads\/2013\/09\/UofOCampusMap-1.pdf\">Voir la carte<\/a><\/dd>\r\n<\/dl>\r\n<h2>Services photographiques sur place et photographie composite de classe<\/h2>\r\n<dl>\r\n<dt>Berni Scott<\/dt>\r\n<dd>\u00a0Courriel:<\/dd>\r\n<dd><a href=\"mailto:berni@portraitsnow.ca\">berni@portraitsnow.ca<\/a><\/dd>\r\n<dt>T\u00e9l.:<\/dt>\r\n<dd>613-232-1165<\/dd>\r\n<\/dl>\r\n<h2>Adresse postale:<\/h2>\r\n<p class=\"address\">Portraits Now<br \/>1er \u00e9tage, University Centre<br \/>1125, promenade Colonel By<br \/>Universit\u00e9 Carleton<br \/>Ottawa, ON<br \/>K1S 5B6<\/p>\r\n<h4>\r\n\r\n<\/h4>\r\n<p>&nbsp;<\/p>\r\n<h4><\/h4>","protected":false},"excerpt":{"rendered":"<p>LIENS RAPIDES POLITIQUE D&rsquo;ANNULATION\/DE RETARD FAQ SUR LES RENDEZ-VOUS QUOI PORTER POLITIQUE EN MATI\u00c8RE D&rsquo;ANIMAUX FAQ SUR LES COMMANDES LISTE DES PRIX Universit\u00e9 Carleton Heures: Du mardi au vendredi, de 9 h \u00e0 17 h**Nous serons temporairement ferm\u00e9s du 25 avril au 5 mai 2026 en raison de travaux d&rsquo;entretien dans le b\u00e2timent Nideyin\u00e0n. Pendant [&hellip;]<\/p>\n","protected":false},"author":12,"featured_media":0,"parent":0,"menu_order":0,"comment_status":"closed","ping_status":"closed","template":"","meta":{"footnotes":""},"class_list":["post-444","page","type-page","status-publish","hentry"],"_links":{"self":[{"href":"https:\/\/portraitsnow.ca\/fr\/wp-json\/wp\/v2\/pages\/444","targetHints":{"allow":["GET"]}}],"collection":[{"href":"https:\/\/portraitsnow.ca\/fr\/wp-json\/wp\/v2\/pages"}],"about":[{"href":"https:\/\/portraitsnow.ca\/fr\/wp-json\/wp\/v2\/types\/page"}],"author":[{"embeddable":true,"href":"https:\/\/portraitsnow.ca\/fr\/wp-json\/wp\/v2\/users\/12"}],"replies":[{"embeddable":true,"href":"https:\/\/portraitsnow.ca\/fr\/wp-json\/wp\/v2\/comments?post=444"}],"version-history":[{"count":5,"href":"https:\/\/portraitsnow.ca\/fr\/wp-json\/wp\/v2\/pages\/444\/revisions"}],"predecessor-version":[{"id":2175,"href":"https:\/\/portraitsnow.ca\/fr\/wp-json\/wp\/v2\/pages\/444\/revisions\/2175"}],"wp:attachment":[{"href":"https:\/\/portraitsnow.ca\/fr\/wp-json\/wp\/v2\/media?parent=444"}],"curies":[{"name":"wp","href":"https:\/\/api.w.org\/{rel}","templated":true}]}}