{"id":438,"date":"2016-02-12T00:08:41","date_gmt":"2016-02-12T04:08:41","guid":{"rendered":"http:\/\/portraitsnow.ca\/?page_id=438"},"modified":"2016-02-12T00:08:41","modified_gmt":"2016-02-12T04:08:41","slug":"affaires","status":"publish","type":"page","link":"https:\/\/portraitsnow.ca\/fr\/affaires\/","title":{"rendered":"Affaires"},"content":{"rendered":"<h2 class=\"alignleft\">Pour vous aider<br> \u00e0 rehausser la pr\u00e9sentation<ve> professionnelle de votre entreprise&#8230;<\/h2>\r\n<div class=\"moving-text\"><span class=\"one fade bounce\">Clair<\/span><span class=\"two fade bounce\">Sophistiqu\u00e9<\/span><\/div>\r\n<div class=\"pn-gallery-wrapper\"><div id='gallery-1' class='gallery galleryid-438 gallery-columns-5 gallery-size-full'><dl class='gallery-item'>\n\t\t\t<dt class='gallery-icon portrait'>\n\t\t\t\t<img loading=\"lazy\" decoding=\"async\" width=\"391\" height=\"489\" src=\"https:\/\/portraitsnow.ca\/wp-content\/uploads\/2014\/09\/May-12-050.jpg\" class=\"attachment-full size-full\" alt=\"\" srcset=\"https:\/\/portraitsnow.ca\/wp-content\/uploads\/2014\/09\/May-12-050.jpg 391w, https:\/\/portraitsnow.ca\/wp-content\/uploads\/2014\/09\/May-12-050-239x300.jpg 239w, https:\/\/portraitsnow.ca\/wp-content\/uploads\/2014\/09\/May-12-050-39x50.jpg 39w\" sizes=\"auto, (max-width: 391px) 100vw, 391px\" \/>\n\t\t\t<\/dt><\/dl><dl class='gallery-item'>\n\t\t\t<dt class='gallery-icon portrait'>\n\t\t\t\t<img loading=\"lazy\" decoding=\"async\" width=\"391\" height=\"489\" src=\"https:\/\/portraitsnow.ca\/wp-content\/uploads\/2014\/09\/IMG_9183.jpg\" class=\"attachment-full size-full\" alt=\"\" srcset=\"https:\/\/portraitsnow.ca\/wp-content\/uploads\/2014\/09\/IMG_9183.jpg 391w, https:\/\/portraitsnow.ca\/wp-content\/uploads\/2014\/09\/IMG_9183-239x300.jpg 239w, https:\/\/portraitsnow.ca\/wp-content\/uploads\/2014\/09\/IMG_9183-39x50.jpg 39w\" sizes=\"auto, (max-width: 391px) 100vw, 391px\" \/>\n\t\t\t<\/dt><\/dl><dl class='gallery-item'>\n\t\t\t<dt class='gallery-icon portrait'>\n\t\t\t\t<img loading=\"lazy\" decoding=\"async\" width=\"391\" height=\"489\" src=\"https:\/\/portraitsnow.ca\/wp-content\/uploads\/2014\/09\/IMG_8170.jpg\" class=\"attachment-full size-full\" alt=\"\" srcset=\"https:\/\/portraitsnow.ca\/wp-content\/uploads\/2014\/09\/IMG_8170.jpg 391w, https:\/\/portraitsnow.ca\/wp-content\/uploads\/2014\/09\/IMG_8170-239x300.jpg 239w, https:\/\/portraitsnow.ca\/wp-content\/uploads\/2014\/09\/IMG_8170-39x50.jpg 39w\" sizes=\"auto, (max-width: 391px) 100vw, 391px\" \/>\n\t\t\t<\/dt><\/dl><dl class='gallery-item'>\n\t\t\t<dt class='gallery-icon portrait'>\n\t\t\t\t<img loading=\"lazy\" decoding=\"async\" width=\"391\" height=\"489\" src=\"https:\/\/portraitsnow.ca\/wp-content\/uploads\/2014\/09\/IMG_6789.jpg\" class=\"attachment-full size-full\" alt=\"\" srcset=\"https:\/\/portraitsnow.ca\/wp-content\/uploads\/2014\/09\/IMG_6789.jpg 391w, https:\/\/portraitsnow.ca\/wp-content\/uploads\/2014\/09\/IMG_6789-239x300.jpg 239w, https:\/\/portraitsnow.ca\/wp-content\/uploads\/2014\/09\/IMG_6789-39x50.jpg 39w\" sizes=\"auto, (max-width: 391px) 100vw, 391px\" \/>\n\t\t\t<\/dt><\/dl><dl class='gallery-item'>\n\t\t\t<dt class='gallery-icon portrait'>\n\t\t\t\t<img loading=\"lazy\" decoding=\"async\" width=\"391\" height=\"489\" src=\"https:\/\/portraitsnow.ca\/wp-content\/uploads\/2014\/09\/IMG_6346-final.jpg\" class=\"attachment-full size-full\" alt=\"\" srcset=\"https:\/\/portraitsnow.ca\/wp-content\/uploads\/2014\/09\/IMG_6346-final.jpg 391w, https:\/\/portraitsnow.ca\/wp-content\/uploads\/2014\/09\/IMG_6346-final-239x300.jpg 239w, https:\/\/portraitsnow.ca\/wp-content\/uploads\/2014\/09\/IMG_6346-final-39x50.jpg 39w\" sizes=\"auto, (max-width: 391px) 100vw, 391px\" \/>\n\t\t\t<\/dt><\/dl><br style=\"clear: both\" \/><dl class='gallery-item'>\n\t\t\t<dt class='gallery-icon portrait'>\n\t\t\t\t<img loading=\"lazy\" decoding=\"async\" width=\"391\" height=\"489\" src=\"https:\/\/portraitsnow.ca\/wp-content\/uploads\/2014\/09\/IMG_5773.jpg\" class=\"attachment-full size-full\" alt=\"\" srcset=\"https:\/\/portraitsnow.ca\/wp-content\/uploads\/2014\/09\/IMG_5773.jpg 391w, https:\/\/portraitsnow.ca\/wp-content\/uploads\/2014\/09\/IMG_5773-239x300.jpg 239w, https:\/\/portraitsnow.ca\/wp-content\/uploads\/2014\/09\/IMG_5773-39x50.jpg 39w\" sizes=\"auto, (max-width: 391px) 100vw, 391px\" \/>\n\t\t\t<\/dt><\/dl><dl class='gallery-item'>\n\t\t\t<dt class='gallery-icon landscape'>\n\t\t\t\t<img loading=\"lazy\" decoding=\"async\" width=\"489\" height=\"391\" src=\"https:\/\/portraitsnow.ca\/wp-content\/uploads\/2014\/09\/IMG_5589.jpg\" class=\"attachment-full size-full\" alt=\"\" srcset=\"https:\/\/portraitsnow.ca\/wp-content\/uploads\/2014\/09\/IMG_5589.jpg 489w, https:\/\/portraitsnow.ca\/wp-content\/uploads\/2014\/09\/IMG_5589-300x239.jpg 300w, https:\/\/portraitsnow.ca\/wp-content\/uploads\/2014\/09\/IMG_5589-50x39.jpg 50w\" sizes=\"auto, (max-width: 489px) 100vw, 489px\" \/>\n\t\t\t<\/dt><\/dl><dl class='gallery-item'>\n\t\t\t<dt class='gallery-icon portrait'>\n\t\t\t\t<img loading=\"lazy\" decoding=\"async\" width=\"391\" height=\"489\" src=\"https:\/\/portraitsnow.ca\/wp-content\/uploads\/2014\/09\/IMG_3531.jpg\" class=\"attachment-full size-full\" alt=\"\" srcset=\"https:\/\/portraitsnow.ca\/wp-content\/uploads\/2014\/09\/IMG_3531.jpg 391w, https:\/\/portraitsnow.ca\/wp-content\/uploads\/2014\/09\/IMG_3531-239x300.jpg 239w, https:\/\/portraitsnow.ca\/wp-content\/uploads\/2014\/09\/IMG_3531-39x50.jpg 39w\" sizes=\"auto, (max-width: 391px) 100vw, 391px\" \/>\n\t\t\t<\/dt><\/dl><dl class='gallery-item'>\n\t\t\t<dt class='gallery-icon portrait'>\n\t\t\t\t<img loading=\"lazy\" decoding=\"async\" width=\"391\" height=\"489\" src=\"https:\/\/portraitsnow.ca\/wp-content\/uploads\/2014\/09\/IMG_0119.jpg\" class=\"attachment-full size-full\" alt=\"\" srcset=\"https:\/\/portraitsnow.ca\/wp-content\/uploads\/2014\/09\/IMG_0119.jpg 391w, https:\/\/portraitsnow.ca\/wp-content\/uploads\/2014\/09\/IMG_0119-239x300.jpg 239w, https:\/\/portraitsnow.ca\/wp-content\/uploads\/2014\/09\/IMG_0119-39x50.jpg 39w\" sizes=\"auto, (max-width: 391px) 100vw, 391px\" \/>\n\t\t\t<\/dt><\/dl>\n\t\t\t<br style='clear: both' \/>\n\t\t<\/div>\n<div id='gallery-2' class='gallery galleryid-438 gallery-columns-5 gallery-size-mini-thumb'><dl class='gallery-item'>\n\t\t\t<dt class='gallery-icon portrait'>\n\t\t\t\t<img loading=\"lazy\" decoding=\"async\" width=\"39\" height=\"50\" src=\"https:\/\/portraitsnow.ca\/wp-content\/uploads\/2014\/09\/May-12-050-39x50.jpg\" class=\"attachment-mini-thumb size-mini-thumb\" alt=\"\" srcset=\"https:\/\/portraitsnow.ca\/wp-content\/uploads\/2014\/09\/May-12-050-39x50.jpg 39w, https:\/\/portraitsnow.ca\/wp-content\/uploads\/2014\/09\/May-12-050-239x300.jpg 239w, https:\/\/portraitsnow.ca\/wp-content\/uploads\/2014\/09\/May-12-050.jpg 391w\" sizes=\"auto, (max-width: 39px) 100vw, 39px\" \/>\n\t\t\t<\/dt><\/dl><dl class='gallery-item'>\n\t\t\t<dt class='gallery-icon portrait'>\n\t\t\t\t<img loading=\"lazy\" decoding=\"async\" width=\"39\" height=\"50\" src=\"https:\/\/portraitsnow.ca\/wp-content\/uploads\/2014\/09\/IMG_9183-39x50.jpg\" class=\"attachment-mini-thumb size-mini-thumb\" alt=\"\" srcset=\"https:\/\/portraitsnow.ca\/wp-content\/uploads\/2014\/09\/IMG_9183-39x50.jpg 39w, https:\/\/portraitsnow.ca\/wp-content\/uploads\/2014\/09\/IMG_9183-239x300.jpg 239w, https:\/\/portraitsnow.ca\/wp-content\/uploads\/2014\/09\/IMG_9183.jpg 391w\" sizes=\"auto, (max-width: 39px) 100vw, 39px\" \/>\n\t\t\t<\/dt><\/dl><dl class='gallery-item'>\n\t\t\t<dt class='gallery-icon portrait'>\n\t\t\t\t<img loading=\"lazy\" decoding=\"async\" width=\"39\" height=\"50\" src=\"https:\/\/portraitsnow.ca\/wp-content\/uploads\/2014\/09\/IMG_8170-39x50.jpg\" class=\"attachment-mini-thumb size-mini-thumb\" alt=\"\" srcset=\"https:\/\/portraitsnow.ca\/wp-content\/uploads\/2014\/09\/IMG_8170-39x50.jpg 39w, https:\/\/portraitsnow.ca\/wp-content\/uploads\/2014\/09\/IMG_8170-239x300.jpg 239w, https:\/\/portraitsnow.ca\/wp-content\/uploads\/2014\/09\/IMG_8170.jpg 391w\" sizes=\"auto, (max-width: 39px) 100vw, 39px\" \/>\n\t\t\t<\/dt><\/dl><dl class='gallery-item'>\n\t\t\t<dt class='gallery-icon portrait'>\n\t\t\t\t<img loading=\"lazy\" decoding=\"async\" width=\"39\" height=\"50\" src=\"https:\/\/portraitsnow.ca\/wp-content\/uploads\/2014\/09\/IMG_6789-39x50.jpg\" class=\"attachment-mini-thumb size-mini-thumb\" alt=\"\" srcset=\"https:\/\/portraitsnow.ca\/wp-content\/uploads\/2014\/09\/IMG_6789-39x50.jpg 39w, https:\/\/portraitsnow.ca\/wp-content\/uploads\/2014\/09\/IMG_6789-239x300.jpg 239w, https:\/\/portraitsnow.ca\/wp-content\/uploads\/2014\/09\/IMG_6789.jpg 391w\" sizes=\"auto, (max-width: 39px) 100vw, 39px\" \/>\n\t\t\t<\/dt><\/dl><dl class='gallery-item'>\n\t\t\t<dt class='gallery-icon portrait'>\n\t\t\t\t<img loading=\"lazy\" decoding=\"async\" width=\"39\" height=\"50\" src=\"https:\/\/portraitsnow.ca\/wp-content\/uploads\/2014\/09\/IMG_6346-final-39x50.jpg\" class=\"attachment-mini-thumb size-mini-thumb\" alt=\"\" srcset=\"https:\/\/portraitsnow.ca\/wp-content\/uploads\/2014\/09\/IMG_6346-final-39x50.jpg 39w, https:\/\/portraitsnow.ca\/wp-content\/uploads\/2014\/09\/IMG_6346-final-239x300.jpg 239w, https:\/\/portraitsnow.ca\/wp-content\/uploads\/2014\/09\/IMG_6346-final.jpg 391w\" sizes=\"auto, (max-width: 39px) 100vw, 39px\" \/>\n\t\t\t<\/dt><\/dl><br style=\"clear: both\" \/><dl class='gallery-item'>\n\t\t\t<dt class='gallery-icon portrait'>\n\t\t\t\t<img loading=\"lazy\" decoding=\"async\" width=\"39\" height=\"50\" src=\"https:\/\/portraitsnow.ca\/wp-content\/uploads\/2014\/09\/IMG_5773-39x50.jpg\" class=\"attachment-mini-thumb size-mini-thumb\" alt=\"\" srcset=\"https:\/\/portraitsnow.ca\/wp-content\/uploads\/2014\/09\/IMG_5773-39x50.jpg 39w, https:\/\/portraitsnow.ca\/wp-content\/uploads\/2014\/09\/IMG_5773-239x300.jpg 239w, https:\/\/portraitsnow.ca\/wp-content\/uploads\/2014\/09\/IMG_5773.jpg 391w\" sizes=\"auto, (max-width: 39px) 100vw, 39px\" \/>\n\t\t\t<\/dt><\/dl><dl class='gallery-item'>\n\t\t\t<dt class='gallery-icon landscape'>\n\t\t\t\t<img loading=\"lazy\" decoding=\"async\" width=\"50\" height=\"39\" src=\"https:\/\/portraitsnow.ca\/wp-content\/uploads\/2014\/09\/IMG_5589-50x39.jpg\" class=\"attachment-mini-thumb size-mini-thumb\" alt=\"\" srcset=\"https:\/\/portraitsnow.ca\/wp-content\/uploads\/2014\/09\/IMG_5589-50x39.jpg 50w, https:\/\/portraitsnow.ca\/wp-content\/uploads\/2014\/09\/IMG_5589-300x239.jpg 300w, https:\/\/portraitsnow.ca\/wp-content\/uploads\/2014\/09\/IMG_5589.jpg 489w\" sizes=\"auto, (max-width: 50px) 100vw, 50px\" \/>\n\t\t\t<\/dt><\/dl><dl class='gallery-item'>\n\t\t\t<dt class='gallery-icon portrait'>\n\t\t\t\t<img loading=\"lazy\" decoding=\"async\" width=\"39\" height=\"50\" src=\"https:\/\/portraitsnow.ca\/wp-content\/uploads\/2014\/09\/IMG_3531-39x50.jpg\" class=\"attachment-mini-thumb size-mini-thumb\" alt=\"\" srcset=\"https:\/\/portraitsnow.ca\/wp-content\/uploads\/2014\/09\/IMG_3531-39x50.jpg 39w, https:\/\/portraitsnow.ca\/wp-content\/uploads\/2014\/09\/IMG_3531-239x300.jpg 239w, https:\/\/portraitsnow.ca\/wp-content\/uploads\/2014\/09\/IMG_3531.jpg 391w\" sizes=\"auto, (max-width: 39px) 100vw, 39px\" \/>\n\t\t\t<\/dt><\/dl><dl class='gallery-item'>\n\t\t\t<dt class='gallery-icon portrait'>\n\t\t\t\t<img loading=\"lazy\" decoding=\"async\" width=\"39\" height=\"50\" src=\"https:\/\/portraitsnow.ca\/wp-content\/uploads\/2014\/09\/IMG_0119-39x50.jpg\" class=\"attachment-mini-thumb size-mini-thumb\" alt=\"\" srcset=\"https:\/\/portraitsnow.ca\/wp-content\/uploads\/2014\/09\/IMG_0119-39x50.jpg 39w, https:\/\/portraitsnow.ca\/wp-content\/uploads\/2014\/09\/IMG_0119-239x300.jpg 239w, https:\/\/portraitsnow.ca\/wp-content\/uploads\/2014\/09\/IMG_0119.jpg 391w\" sizes=\"auto, (max-width: 39px) 100vw, 39px\" \/>\n\t\t\t<\/dt><\/dl>\n\t\t\t<br style='clear: both' \/>\n\t\t<\/div>\n<\/div>\r\n<div class=\"content\"><h3>Des images saisissantes<\/h3>\r\nQue ce soit un lancement de produit ou une journ\u00e9e portes ouvertes, nous sommes l\u00e0 pour vous garantir que les \u00e9v\u00e9nements marquants qui ponctuent l\u2019histoire de votre entreprise seront immortalis\u00e9s. <a href=\"mailto:berni@portraitsnow.ca\">\u00c9crivez-nous<\/a> afin de conna\u00eetre nos prix pour les s\u00e9ances sur place.\r\n<br><br><p>\r\nOu profitez de notre rabais d\u2019entreprise : pour 39,95 $ (taxes en sus), nous prenons cinq photos portraits, vous choisissez votre pr\u00e9f\u00e9r\u00e9e et vous recevez un gros fichier JPEG (1 personne par photo seulement; l\u2019offre ne s\u2019applique pas aux portraits de finissants).<\/p>","protected":false},"excerpt":{"rendered":"<p>Pour vous aider \u00e0 rehausser la pr\u00e9sentation professionnelle de votre entreprise&#8230; Des images saisissantes Que ce soit un lancement de produit ou une journ\u00e9e portes ouvertes, nous sommes l\u00e0 pour vous garantir que les \u00e9v\u00e9nements marquants qui ponctuent l\u2019histoire de votre entreprise seront immortalis\u00e9s. \u00c9crivez-nous afin de conna\u00eetre nos prix pour les s\u00e9ances sur place. [&hellip;]<\/p>\n","protected":false},"author":12,"featured_media":0,"parent":0,"menu_order":0,"comment_status":"closed","ping_status":"closed","template":"","meta":{"footnotes":""},"class_list":["post-438","page","type-page","status-publish","hentry"],"_links":{"self":[{"href":"https:\/\/portraitsnow.ca\/fr\/wp-json\/wp\/v2\/pages\/438","targetHints":{"allow":["GET"]}}],"collection":[{"href":"https:\/\/portraitsnow.ca\/fr\/wp-json\/wp\/v2\/pages"}],"about":[{"href":"https:\/\/portraitsnow.ca\/fr\/wp-json\/wp\/v2\/types\/page"}],"author":[{"embeddable":true,"href":"https:\/\/portraitsnow.ca\/fr\/wp-json\/wp\/v2\/users\/12"}],"replies":[{"embeddable":true,"href":"https:\/\/portraitsnow.ca\/fr\/wp-json\/wp\/v2\/comments?post=438"}],"version-history":[{"count":1,"href":"https:\/\/portraitsnow.ca\/fr\/wp-json\/wp\/v2\/pages\/438\/revisions"}],"predecessor-version":[{"id":440,"href":"https:\/\/portraitsnow.ca\/fr\/wp-json\/wp\/v2\/pages\/438\/revisions\/440"}],"wp:attachment":[{"href":"https:\/\/portraitsnow.ca\/fr\/wp-json\/wp\/v2\/media?parent=438"}],"curies":[{"name":"wp","href":"https:\/\/api.w.org\/{rel}","templated":true}]}}